{"id":21852,"date":"2025-01-23T16:23:23","date_gmt":"2025-01-23T07:23:23","guid":{"rendered":"https:\/\/summerinjapan.com\/?page_id=21852"},"modified":"2026-01-16T16:14:27","modified_gmt":"2026-01-16T07:14:27","slug":"archives2021-2","status":"publish","type":"page","link":"https:\/\/summerinjapan.com\/en\/archives2021-2","title":{"rendered":"Archives2021-EN"},"content":{"rendered":"\n<div class=\"wp-block-group section\"><div class=\"wp-block-group__inner-container is-layout-constrained wp-block-group-is-layout-constrained\">\n<div class=\"wp-block-jetpack-layout-grid container column1-desktop-grid__span-12 column1-desktop-grid__row-1 column1-tablet-grid__span-8 column1-tablet-grid__row-1 column1-mobile-grid__span-4 column1-mobile-grid__row-1\">\n<div class=\"wp-block-jetpack-layout-grid-column wp-block-jetpack-layout-grid__padding-none\">\n<h2 class=\"wp-block-heading title\">Summer in JAPAN 2021 Summary<\/h2>\n\n\n\n<h3 class=\"wp-block-heading\">Seven-Day English Online Seminar<\/h3>\n\n\n\n<p>\u30fcLanguage Arts\uff08Reading and Writing\uff09<br>\u30fcTwo Workshops<br>\u30fbComputer Science<br>\u30fbPublic Speaking<br>\u30fcWorkout Session\uff08PE\uff09<br>\u30fcCultural Exchange Daily Presentations<br><span style=\"font-weight: 400;\">\u30fc<\/span>Participants come from 9 different countries<\/p>\n\n\n\n<h3 class=\"wp-block-heading\">Special Events<\/h3>\n\n\n\n<p>\u30fcThe 9th SIJ Classical Concert \u201cSumire Hirotsuru and her friends\u201d<br>\u30fcThe 7th Outreach Educational Program \u201cKunisaki x Harvard\u201d<br>\u30fcThe 3rd Outreach Educational Program \u201cSWIM\u201d (Summer Workshop for Immersive Multiculturalism)<\/p>\n\n\n\n<div style=\"height:100px\" aria-hidden=\"true\" class=\"wp-block-spacer\"><\/div>\n\n\n\n<h2 class=\"wp-block-heading has-text-align-left\">Instructors<\/h2>\n\n\n\n<p class=\"has-text-align-left\">6 Students from Harvard University<\/p>\n\n\n<div class=\"wp-block-image\">\n<figure class=\"aligncenter size-large\"><img loading=\"lazy\" decoding=\"async\" width=\"1024\" height=\"819\" src=\"https:\/\/summerinjapan.com\/wp-content\/uploads\/2021\/12\/SIJ2021-instructor-list-1-1024x819.png\" alt=\"\" class=\"wp-image-9944\" srcset=\"https:\/\/summerinjapan.com\/wp-content\/uploads\/2021\/12\/SIJ2021-instructor-list-1-1024x819.png 1024w, https:\/\/summerinjapan.com\/wp-content\/uploads\/2021\/12\/SIJ2021-instructor-list-1-300x240.png 300w, https:\/\/summerinjapan.com\/wp-content\/uploads\/2021\/12\/SIJ2021-instructor-list-1-768x614.png 768w, https:\/\/summerinjapan.com\/wp-content\/uploads\/2021\/12\/SIJ2021-instructor-list-1-1536x1229.png 1536w, https:\/\/summerinjapan.com\/wp-content\/uploads\/2021\/12\/SIJ2021-instructor-list-1.png 1650w\" sizes=\"auto, (max-width: 1024px) 100vw, 1024px\" \/><\/figure>\n<\/div>\n\n\n<div style=\"height:100px\" aria-hidden=\"true\" class=\"wp-block-spacer\"><\/div>\n\n\n\n<h2 class=\"wp-block-heading has-text-align-left title mt-5\">Seven-Day English Seminar<\/h2>\n\n\n\n<h3 class=\"wp-block-heading has-text-align-left\">Language Arts\uff08Reading and Writing\uff09<\/h3>\n\n\n\n<h4 class=\"wp-block-heading has-text-align-left\">LA1 Class<\/h4>\n\n\n\n<figure class=\"wp-block-image size-large is-resized\"><img loading=\"lazy\" decoding=\"async\" width=\"1024\" height=\"576\" src=\"https:\/\/summerinjapan.com\/wp-content\/uploads\/2021\/12\/LA1-0803mediapost-1-1024x576.png\" alt=\"\" class=\"wp-image-9940\" style=\"width:600px\" srcset=\"https:\/\/summerinjapan.com\/wp-content\/uploads\/2021\/12\/LA1-0803mediapost-1-1024x576.png 1024w, https:\/\/summerinjapan.com\/wp-content\/uploads\/2021\/12\/LA1-0803mediapost-1-300x169.png 300w, https:\/\/summerinjapan.com\/wp-content\/uploads\/2021\/12\/LA1-0803mediapost-1-768x432.png 768w, https:\/\/summerinjapan.com\/wp-content\/uploads\/2021\/12\/LA1-0803mediapost-1-1536x864.png 1536w, https:\/\/summerinjapan.com\/wp-content\/uploads\/2021\/12\/LA1-0803mediapost-1.png 1620w\" sizes=\"auto, (max-width: 1024px) 100vw, 1024px\" \/><\/figure>\n\n\n\n<p>Learning the fundamentals of language arts is so fun! Our focus is on storytelling. Everyday, we practice telling a story expressively with our own voice, as well as using our imagination to write up the most fantastic story we can. We revisited children\u2019s stories classics like Goldilocks and Red Riding Hood. Reading these stories again reminded me of a function of literature, which is to delay and to suspend the reader in an enchanted \u201cforest\u201d where they can forget about time, like little Red. (Ton-Nu)<\/p>\n\n\n\n<h4 class=\"wp-block-heading has-text-align-left\">LA2 Class<\/h4>\n\n\n\n<figure class=\"wp-block-image size-large is-resized\"><img loading=\"lazy\" decoding=\"async\" width=\"1024\" height=\"819\" src=\"https:\/\/summerinjapan.com\/wp-content\/uploads\/2021\/12\/0804mediapost-LA2-1-1024x819.png\" alt=\"\" class=\"wp-image-9936\" style=\"width:600px\" srcset=\"https:\/\/summerinjapan.com\/wp-content\/uploads\/2021\/12\/0804mediapost-LA2-1-1024x819.png 1024w, https:\/\/summerinjapan.com\/wp-content\/uploads\/2021\/12\/0804mediapost-LA2-1-300x240.png 300w, https:\/\/summerinjapan.com\/wp-content\/uploads\/2021\/12\/0804mediapost-LA2-1-768x614.png 768w, https:\/\/summerinjapan.com\/wp-content\/uploads\/2021\/12\/0804mediapost-LA2-1-1536x1229.png 1536w, https:\/\/summerinjapan.com\/wp-content\/uploads\/2021\/12\/0804mediapost-LA2-1.png 1620w\" sizes=\"auto, (max-width: 1024px) 100vw, 1024px\" \/><\/figure>\n\n\n\n<p>LA2 has been amazing so far. The students are learning so much and they are learning so fast. We are going a step beyond the fundamen- tals and we are trying to get a better grasp of the English language. We have learned about idioms and different expressions to help some of the students understand some more of the native English phrases. I am really proud of the SIJ students and how open they are to learning new material. This has been a really fun experience so far! (Mario)<\/p>\n\n\n\n<h4 class=\"wp-block-heading has-text-align-left\">LA3&amp;4 Class<\/h4>\n\n\n\n<figure class=\"wp-block-image size-large is-resized\"><img loading=\"lazy\" decoding=\"async\" width=\"1024\" height=\"868\" src=\"https:\/\/summerinjapan.com\/wp-content\/uploads\/2021\/12\/LA34-Screenshot-1-1024x868.png\" alt=\"\" class=\"wp-image-9941\" style=\"width:600px\" srcset=\"https:\/\/summerinjapan.com\/wp-content\/uploads\/2021\/12\/LA34-Screenshot-1-1024x868.png 1024w, https:\/\/summerinjapan.com\/wp-content\/uploads\/2021\/12\/LA34-Screenshot-1-300x254.png 300w, https:\/\/summerinjapan.com\/wp-content\/uploads\/2021\/12\/LA34-Screenshot-1-768x651.png 768w, https:\/\/summerinjapan.com\/wp-content\/uploads\/2021\/12\/LA34-Screenshot-1-1536x1302.png 1536w, https:\/\/summerinjapan.com\/wp-content\/uploads\/2021\/12\/LA34-Screenshot-1.png 1620w\" sizes=\"auto, (max-width: 1024px) 100vw, 1024px\" \/><\/figure>\n\n\n\n<p>Our language arts course focuses on reading and writing in many different styles, and so far we\u2019ve learned about self-introductions, journalism, and persuasive writing. Our students have been able to express themselves in all these different ways flawlessly. Watching them get more and more comfortable with constructing stories and playing word games is such a joy. Looking forward to what they\u2019ll show us next when we talk about short stories, college essays, and letter writing! (Allen)<\/p>\n\n\n\n<div style=\"height:100px\" aria-hidden=\"true\" class=\"wp-block-spacer\"><\/div>\n\n\n\n<h3 class=\"wp-block-heading has-text-align-left\">Computer Science (CS)<\/h3>\n\n\n\n<figure class=\"wp-block-image size-large is-resized\"><img loading=\"lazy\" decoding=\"async\" width=\"1024\" height=\"1024\" src=\"https:\/\/summerinjapan.com\/wp-content\/uploads\/2021\/12\/CS-2-1-1024x1024.png\" alt=\"\" class=\"wp-image-9938\" style=\"width:600px\" srcset=\"https:\/\/summerinjapan.com\/wp-content\/uploads\/2021\/12\/CS-2-1-1024x1024.png 1024w, https:\/\/summerinjapan.com\/wp-content\/uploads\/2021\/12\/CS-2-1-300x300.png 300w, https:\/\/summerinjapan.com\/wp-content\/uploads\/2021\/12\/CS-2-1-150x150.png 150w, https:\/\/summerinjapan.com\/wp-content\/uploads\/2021\/12\/CS-2-1-768x768.png 768w, https:\/\/summerinjapan.com\/wp-content\/uploads\/2021\/12\/CS-2-1-1536x1536.png 1536w, https:\/\/summerinjapan.com\/wp-content\/uploads\/2021\/12\/CS-2-1.png 1620w\" sizes=\"auto, (max-width: 1024px) 100vw, 1024px\" \/><\/figure>\n\n\n\n<h4 class=\"wp-block-heading has-text-align-left\">Computer Science (CS) course overview<\/h4>\n\n\n\n<p>Kids in our Computer Science (CS) workshop have been making incredible progress! The vast majority of students in our workshop had never coded before, but after only four days of lessons, they are now working on their Scratch project. Even more impressive is their ability to code in Python! We are super excited to see what the students have shown us on the final presentation day!<\/p>\n\n\n\n<div style=\"height:100px\" aria-hidden=\"true\" class=\"wp-block-spacer\"><\/div>\n\n\n\n<h3 class=\"wp-block-heading has-text-align-left\">Public Speaking (PS)<\/h3>\n\n\n\n<figure class=\"wp-block-image size-large is-resized\"><img loading=\"lazy\" decoding=\"async\" width=\"1024\" height=\"660\" src=\"https:\/\/summerinjapan.com\/wp-content\/uploads\/2021\/12\/Group-1-1024x660.png\" alt=\"\" class=\"wp-image-9939\" style=\"width:600px\" srcset=\"https:\/\/summerinjapan.com\/wp-content\/uploads\/2021\/12\/Group-1-1024x660.png 1024w, https:\/\/summerinjapan.com\/wp-content\/uploads\/2021\/12\/Group-1-300x193.png 300w, https:\/\/summerinjapan.com\/wp-content\/uploads\/2021\/12\/Group-1-768x495.png 768w, https:\/\/summerinjapan.com\/wp-content\/uploads\/2021\/12\/Group-1-1536x990.png 1536w, https:\/\/summerinjapan.com\/wp-content\/uploads\/2021\/12\/Group-1.png 1620w\" sizes=\"auto, (max-width: 1024px) 100vw, 1024px\" \/><\/figure>\n\n\n\n<figure class=\"wp-block-image size-large is-resized\"><img loading=\"lazy\" decoding=\"async\" width=\"1024\" height=\"640\" src=\"https:\/\/summerinjapan.com\/wp-content\/uploads\/2021\/12\/14518147601613-1-1024x640.png\" alt=\"\" class=\"wp-image-9937\" style=\"width:600px\" srcset=\"https:\/\/summerinjapan.com\/wp-content\/uploads\/2021\/12\/14518147601613-1-1024x640.png 1024w, https:\/\/summerinjapan.com\/wp-content\/uploads\/2021\/12\/14518147601613-1-300x188.png 300w, https:\/\/summerinjapan.com\/wp-content\/uploads\/2021\/12\/14518147601613-1-768x480.png 768w, https:\/\/summerinjapan.com\/wp-content\/uploads\/2021\/12\/14518147601613-1-1536x960.png 1536w, https:\/\/summerinjapan.com\/wp-content\/uploads\/2021\/12\/14518147601613-1.png 1620w\" sizes=\"auto, (max-width: 1024px) 100vw, 1024px\" \/><\/figure>\n\n\n\n<h4 class=\"wp-block-heading has-text-align-left\">Public Speaking (PS) course overview<\/h4>\n\n\n\n<p>Ellen Degeneres\u2019 Oscar Speech helped learning a lot about public speaking today \u2013 we all are aiming to be like her, with joyful tone and complete control of the show. We now have many presentation tools such as signposting and the use of voice. We instructors are so happy to see how enthusiastic our students are, and so excited for their final speeches!<\/p>\n\n\n\n<div style=\"height:100px\" aria-hidden=\"true\" class=\"wp-block-spacer\"><\/div>\n\n\n\n<h3 class=\"wp-block-heading has-text-align-left\">SIJ Workout Session<\/h3>\n\n\n\n<p>At Summer in JAPAN, we always make time to work out!<br>Our PE instructors show the students a wide variety of exercises.<\/p>\n\n\n\n<figure class=\"wp-block-gallery has-nested-images columns-default is-cropped wp-block-gallery-1 is-layout-flex wp-block-gallery-is-layout-flex\">\n<figure class=\"wp-block-image size-full\"><img loading=\"lazy\" decoding=\"async\" width=\"1050\" height=\"591\" data-id=\"9943\" src=\"https:\/\/summerinjapan.com\/wp-content\/uploads\/2021\/12\/PE0803mesiapost1-1.png\" alt=\"\" class=\"wp-image-9943\" srcset=\"https:\/\/summerinjapan.com\/wp-content\/uploads\/2021\/12\/PE0803mesiapost1-1.png 1050w, https:\/\/summerinjapan.com\/wp-content\/uploads\/2021\/12\/PE0803mesiapost1-1-300x169.png 300w, https:\/\/summerinjapan.com\/wp-content\/uploads\/2021\/12\/PE0803mesiapost1-1-1024x576.png 1024w, https:\/\/summerinjapan.com\/wp-content\/uploads\/2021\/12\/PE0803mesiapost1-1-768x432.png 768w\" sizes=\"auto, (max-width: 1050px) 100vw, 1050px\" \/><\/figure>\n\n\n\n<figure class=\"wp-block-image size-full\"><img loading=\"lazy\" decoding=\"async\" width=\"1050\" height=\"591\" data-id=\"9942\" src=\"https:\/\/summerinjapan.com\/wp-content\/uploads\/2021\/12\/PE0803mediapost-1.png\" alt=\"\" class=\"wp-image-9942\" srcset=\"https:\/\/summerinjapan.com\/wp-content\/uploads\/2021\/12\/PE0803mediapost-1.png 1050w, https:\/\/summerinjapan.com\/wp-content\/uploads\/2021\/12\/PE0803mediapost-1-300x169.png 300w, https:\/\/summerinjapan.com\/wp-content\/uploads\/2021\/12\/PE0803mediapost-1-1024x576.png 1024w, https:\/\/summerinjapan.com\/wp-content\/uploads\/2021\/12\/PE0803mediapost-1-768x432.png 768w\" sizes=\"auto, (max-width: 1050px) 100vw, 1050px\" \/><\/figure>\n<\/figure>\n\n\n\n<div style=\"height:100px\" aria-hidden=\"true\" class=\"wp-block-spacer\"><\/div>\n\n\n\n<h2 class=\"wp-block-heading title\">Special Events<\/h2>\n\n\n\n<h3 class=\"wp-block-heading has-text-align-left\">The 6th Outreach Educational Program \u201cKunisaki x Harvard\u201d<\/h3>\n\n\n\n<figure class=\"wp-block-image size-large is-resized\"><img loading=\"lazy\" decoding=\"async\" width=\"971\" height=\"1024\" src=\"https:\/\/summerinjapan.com\/wp-content\/uploads\/2021\/12\/Group-2-1-971x1024.png\" alt=\"\" class=\"wp-image-9952\" style=\"width:600px\" srcset=\"https:\/\/summerinjapan.com\/wp-content\/uploads\/2021\/12\/Group-2-1-971x1024.png 971w, https:\/\/summerinjapan.com\/wp-content\/uploads\/2021\/12\/Group-2-1-284x300.png 284w, https:\/\/summerinjapan.com\/wp-content\/uploads\/2021\/12\/Group-2-1-768x810.png 768w, https:\/\/summerinjapan.com\/wp-content\/uploads\/2021\/12\/Group-2-1-1456x1536.png 1456w, https:\/\/summerinjapan.com\/wp-content\/uploads\/2021\/12\/Group-2-1.png 1620w\" sizes=\"auto, (max-width: 971px) 100vw, 971px\" \/><\/figure>\n\n\n\n<p>We held the last session of the SIJ camp in Kunisaki for about two hours. As a continuation from the previous seminar held in July, we mainly focused on learning how to make a good speech. Videos made by Harvard students namely Allen, Jason, and Mario, and Sumire\u2019s live presentation also helped in making the students understand the important compo- nents of a good speech.<br>Thank you to everyone who participated, and to the authori- ties who made the event possible.<\/p>\n\n\n\n<h3 class=\"wp-block-heading has-text-align-left mt-5\">The 2nd Outreach Educational Program \u201cSWIM\u201d (Summer Workshop for Immersive Multiculturalism)<br>Free English lesson with Harvard College students in Oita City, Japan<\/h3>\n\n\n\n<figure class=\"wp-block-image size-large is-resized\"><img loading=\"lazy\" decoding=\"async\" width=\"728\" height=\"1024\" src=\"https:\/\/summerinjapan.com\/wp-content\/uploads\/2021\/12\/46eefea3341aaf042130987d37680fa4-1-1-728x1024.png\" alt=\"\" class=\"wp-image-9951\" style=\"width:600px\" srcset=\"https:\/\/summerinjapan.com\/wp-content\/uploads\/2021\/12\/46eefea3341aaf042130987d37680fa4-1-1-728x1024.png 728w, https:\/\/summerinjapan.com\/wp-content\/uploads\/2021\/12\/46eefea3341aaf042130987d37680fa4-1-1-213x300.png 213w, https:\/\/summerinjapan.com\/wp-content\/uploads\/2021\/12\/46eefea3341aaf042130987d37680fa4-1-1-768x1080.png 768w, https:\/\/summerinjapan.com\/wp-content\/uploads\/2021\/12\/46eefea3341aaf042130987d37680fa4-1-1-1092x1536.png 1092w, https:\/\/summerinjapan.com\/wp-content\/uploads\/2021\/12\/46eefea3341aaf042130987d37680fa4-1-1-1456x2048.png 1456w, https:\/\/summerinjapan.com\/wp-content\/uploads\/2021\/12\/46eefea3341aaf042130987d37680fa4-1-1.png 1632w\" sizes=\"auto, (max-width: 728px) 100vw, 728px\" \/><\/figure>\n\n\n\n<p>SIJ2021 co-hosted an event called SWIM with Oita City to improve the writing &amp; presentation skills of elemen- tary and middle school students in Oita City!<br>Today we learned &#8220;5 factors of a good speech&#8221; from SIJ2021 Harvard instructor Allen Lai &#8211; Hook, Outline, Content, Voice, and Conclusion. Later, students got a chance to use them to make their own speech as well. We were impressed that many students did such a great job and strongly hope that today&#8217;s lesson will help their learning in the future!<\/p>\n\n\n\n<h3 class=\"wp-block-heading has-text-align-left mt-5\">Summer in JAPAN 2021 Classical Concert<\/h3>\n\n\n\n<figure class=\"wp-block-image size-large is-resized\"><img loading=\"lazy\" decoding=\"async\" width=\"1024\" height=\"576\" src=\"https:\/\/summerinjapan.com\/wp-content\/uploads\/2021\/12\/1_3x02xkcwkhhdlu0s0vt4r-1-1-1024x576.png\" alt=\"\" class=\"wp-image-9950\" style=\"width:600px\" srcset=\"https:\/\/summerinjapan.com\/wp-content\/uploads\/2021\/12\/1_3x02xkcwkhhdlu0s0vt4r-1-1-1024x576.png 1024w, https:\/\/summerinjapan.com\/wp-content\/uploads\/2021\/12\/1_3x02xkcwkhhdlu0s0vt4r-1-1-300x169.png 300w, https:\/\/summerinjapan.com\/wp-content\/uploads\/2021\/12\/1_3x02xkcwkhhdlu0s0vt4r-1-1-768x432.png 768w, https:\/\/summerinjapan.com\/wp-content\/uploads\/2021\/12\/1_3x02xkcwkhhdlu0s0vt4r-1-1-1536x865.png 1536w, https:\/\/summerinjapan.com\/wp-content\/uploads\/2021\/12\/1_3x02xkcwkhhdlu0s0vt4r-1-1.png 1620w\" sizes=\"auto, (max-width: 1024px) 100vw, 1024px\" \/><\/figure>\n\n\n\n<p class=\"has-text-align-left\">SIJ Concert is back this year! As we mark the 9th year of Summer in JAPAN, Sumire is welcoming two tango musicians who she met in Vermont, US in 2018. Yukie Kawanami, the winner of the 1st Che Bandoneon International Competition, and Moeri Kobayashi, who learned tango piano from Pablo Ziegler, one of the leading tango pianists from Argentina will be joined by SIJ Co-Founder, Sumire Hirotsuru on violin. Enjoy the evening of tango in this Piazzolla\u2019s 100th anniversary year!<br><br>Sumire Hirotsuru, Harvard College &#8217;16 (Violin)<br>Moeri Kobayashi (Piano)<br>Yukie Kawanami (Bandoneon)<br><br>1. Michelangelo \u201970 &#8230;&#8230;&#8230;&#8230;&#8230;&#8230;&#8230;&#8230;&#8230;&#8230;. Astor Piazzolla<br>2. Verano Porte\u00f1o&#8230;&#8230;&#8230;&#8230;&#8230;&#8230;&#8230;&#8230;&#8230;&#8230;.Astor Piazzolla<br>3. Adi\u00f3s Nonino &#8230;&#8230;&#8230;&#8230;&#8230;&#8230;&#8230;&#8230;&#8230;&#8230;.Astor Piazzolla<br>4. Redenci\u00f3n &#8230;&#8230;&#8230;&#8230;&#8230;&#8230;&#8230;&#8230;&#8230;&#8230;.Alfredo Gobbi<br>5. Solfeando &#8230;&#8230;&#8230;&#8230;&#8230;&#8230;&#8230;&#8230;&#8230;&#8230;.Alfredo Gobbi<br>6. El Juli\u00e1n Aguirre&#8230;&#8230;&#8230;&#8230;&#8230;&#8230;&#8230;&#8230;&#8230;&#8230;.. Pablo Agri<br>7. Fetiche &#8230;&#8230;&#8230;&#8230;&#8230;&#8230;&#8230;&#8230;&#8230;&#8230;.Juli\u00e1n Peralta<br>8. Libertango &#8230;&#8230;&#8230;&#8230;&#8230;&#8230;&#8230;&#8230;&#8230;&#8230;. Astor Piazzolla<br>9. Evaritso Carriego &#8230;&#8230;&#8230;&#8230;&#8230;&#8230;&#8230;&#8230;&#8230;&#8230;.Eduardo Rovira<br>10. Escualo &#8230;&#8230;&#8230;&#8230;&#8230;&#8230;&#8230;&#8230;&#8230;&#8230;.Astor Piazzolla<\/p>\n<\/div>\n<\/div>\n<\/div><\/div>\n","protected":false},"excerpt":{"rendered":"<p>Summer in JAPAN 2021 Summary Seven-Day English Online Seminar \u30fcLanguage Arts\uff08Reading and Writing\uff09\u30fcTwo Workshop [&#8230;]<\/p>\n<p><a class=\"btn btn-secondary understrap-read-more-link\" href=\"https:\/\/summerinjapan.com\/en\/archives2021-2\">Read More&#8230;<span class=\"screen-reader-text\"> from Archives2021-EN<\/span><\/a><\/p>\n","protected":false},"author":6,"featured_media":0,"parent":0,"menu_order":0,"comment_status":"closed","ping_status":"closed","template":"page-templates\/fullwidthpage.php","meta":{"cybocfi_hide_featured_image":"","_locale":"en_US","_original_post":"https:\/\/summerinjapan.com\/?page_id=13656","footnotes":""},"class_list":["post-21852","page","type-page","status-publish","hentry","en-US"],"yoast_head":"<!-- This site is optimized with the Yoast SEO plugin v27.4 - https:\/\/yoast.com\/product\/yoast-seo-wordpress\/ -->\n<title>Archives2021-EN - Summer in JAPAN<\/title>\n<meta name=\"robots\" content=\"index, follow, max-snippet:-1, max-image-preview:large, max-video-preview:-1\" \/>\n<link rel=\"canonical\" href=\"https:\/\/summerinjapan.com\/en\/archives2021-2\" \/>\n<meta property=\"og:locale\" content=\"en_US\" \/>\n<meta property=\"og:type\" content=\"article\" \/>\n<meta property=\"og:title\" content=\"Archives2021-EN - Summer in JAPAN\" \/>\n<meta property=\"og:description\" content=\"Summer in JAPAN 2021 Summary Seven-Day English Online Seminar \u30fcLanguage Arts\uff08Reading and Writing\uff09\u30fcTwo Workshop [...]Read More... from Archives2021-EN\" \/>\n<meta property=\"og:url\" content=\"https:\/\/summerinjapan.com\/en\/archives2021-2\" \/>\n<meta property=\"og:site_name\" content=\"Summer in JAPAN\" \/>\n<meta property=\"article:modified_time\" content=\"2026-01-16T07:14:27+00:00\" \/>\n<meta property=\"og:image\" content=\"https:\/\/summerinjapan.com\/wp-content\/uploads\/2021\/12\/SIJ2021-instructor-list-1.png\" \/>\n\t<meta property=\"og:image:width\" content=\"1650\" \/>\n\t<meta property=\"og:image:height\" content=\"1320\" \/>\n\t<meta property=\"og:image:type\" content=\"image\/png\" \/>\n<meta name=\"twitter:card\" content=\"summary_large_image\" \/>\n<meta name=\"twitter:label1\" content=\"Est. reading time\" \/>\n\t<meta name=\"twitter:data1\" content=\"15 minutes\" \/>\n<script type=\"application\/ld+json\" class=\"yoast-schema-graph\">{\"@context\":\"https:\\\/\\\/schema.org\",\"@graph\":[{\"@type\":\"WebPage\",\"@id\":\"https:\\\/\\\/summerinjapan.com\\\/en\\\/archives2021-2\",\"url\":\"https:\\\/\\\/summerinjapan.com\\\/en\\\/archives2021-2\",\"name\":\"Archives2021-EN - Summer in JAPAN\",\"isPartOf\":{\"@id\":\"https:\\\/\\\/summerinjapan.com\\\/#website\"},\"primaryImageOfPage\":{\"@id\":\"https:\\\/\\\/summerinjapan.com\\\/en\\\/archives2021-2#primaryimage\"},\"image\":{\"@id\":\"https:\\\/\\\/summerinjapan.com\\\/en\\\/archives2021-2#primaryimage\"},\"thumbnailUrl\":\"https:\\\/\\\/summerinjapan.com\\\/wp-content\\\/uploads\\\/2021\\\/12\\\/SIJ2021-instructor-list-1-1024x819.png\",\"datePublished\":\"2025-01-23T07:23:23+00:00\",\"dateModified\":\"2026-01-16T07:14:27+00:00\",\"breadcrumb\":{\"@id\":\"https:\\\/\\\/summerinjapan.com\\\/en\\\/archives2021-2#breadcrumb\"},\"inLanguage\":\"en-US\",\"potentialAction\":[{\"@type\":\"ReadAction\",\"target\":[\"https:\\\/\\\/summerinjapan.com\\\/en\\\/archives2021-2\"]}]},{\"@type\":\"ImageObject\",\"inLanguage\":\"en-US\",\"@id\":\"https:\\\/\\\/summerinjapan.com\\\/en\\\/archives2021-2#primaryimage\",\"url\":\"https:\\\/\\\/summerinjapan.com\\\/wp-content\\\/uploads\\\/2021\\\/12\\\/SIJ2021-instructor-list-1.png\",\"contentUrl\":\"https:\\\/\\\/summerinjapan.com\\\/wp-content\\\/uploads\\\/2021\\\/12\\\/SIJ2021-instructor-list-1.png\",\"width\":1650,\"height\":1320},{\"@type\":\"BreadcrumbList\",\"@id\":\"https:\\\/\\\/summerinjapan.com\\\/en\\\/archives2021-2#breadcrumb\",\"itemListElement\":[{\"@type\":\"ListItem\",\"position\":1,\"name\":\"\u30db\u30fc\u30e0\",\"item\":\"https:\\\/\\\/summerinjapan.com\\\/en\\\/\"},{\"@type\":\"ListItem\",\"position\":2,\"name\":\"Archives2021-EN\"}]},{\"@type\":\"WebSite\",\"@id\":\"https:\\\/\\\/summerinjapan.com\\\/#website\",\"url\":\"https:\\\/\\\/summerinjapan.com\\\/\",\"name\":\"Summer in JAPAN\",\"description\":\"\u30cf\u30fc\u30d0\u30fc\u30c9\u751f\u3068\u5b66\u3076\u82f1\u8a9e\u30b5\u30de\u30fc\u30b9\u30af\u30fc\u30eb\",\"potentialAction\":[{\"@type\":\"SearchAction\",\"target\":{\"@type\":\"EntryPoint\",\"urlTemplate\":\"https:\\\/\\\/summerinjapan.com\\\/?s={search_term_string}\"},\"query-input\":{\"@type\":\"PropertyValueSpecification\",\"valueRequired\":true,\"valueName\":\"search_term_string\"}}],\"inLanguage\":\"en-US\"}]}<\/script>\n<!-- \/ Yoast SEO plugin. -->","yoast_head_json":{"title":"Archives2021-EN - Summer in JAPAN","robots":{"index":"index","follow":"follow","max-snippet":"max-snippet:-1","max-image-preview":"max-image-preview:large","max-video-preview":"max-video-preview:-1"},"canonical":"https:\/\/summerinjapan.com\/en\/archives2021-2","og_locale":"en_US","og_type":"article","og_title":"Archives2021-EN - Summer in JAPAN","og_description":"Summer in JAPAN 2021 Summary Seven-Day English Online Seminar \u30fcLanguage Arts\uff08Reading and Writing\uff09\u30fcTwo Workshop [...]Read More... from Archives2021-EN","og_url":"https:\/\/summerinjapan.com\/en\/archives2021-2","og_site_name":"Summer in JAPAN","article_modified_time":"2026-01-16T07:14:27+00:00","og_image":[{"width":1650,"height":1320,"url":"https:\/\/summerinjapan.com\/wp-content\/uploads\/2021\/12\/SIJ2021-instructor-list-1.png","type":"image\/png"}],"twitter_card":"summary_large_image","twitter_misc":{"Est. reading time":"15 minutes"},"schema":{"@context":"https:\/\/schema.org","@graph":[{"@type":"WebPage","@id":"https:\/\/summerinjapan.com\/en\/archives2021-2","url":"https:\/\/summerinjapan.com\/en\/archives2021-2","name":"Archives2021-EN - Summer in JAPAN","isPartOf":{"@id":"https:\/\/summerinjapan.com\/#website"},"primaryImageOfPage":{"@id":"https:\/\/summerinjapan.com\/en\/archives2021-2#primaryimage"},"image":{"@id":"https:\/\/summerinjapan.com\/en\/archives2021-2#primaryimage"},"thumbnailUrl":"https:\/\/summerinjapan.com\/wp-content\/uploads\/2021\/12\/SIJ2021-instructor-list-1-1024x819.png","datePublished":"2025-01-23T07:23:23+00:00","dateModified":"2026-01-16T07:14:27+00:00","breadcrumb":{"@id":"https:\/\/summerinjapan.com\/en\/archives2021-2#breadcrumb"},"inLanguage":"en-US","potentialAction":[{"@type":"ReadAction","target":["https:\/\/summerinjapan.com\/en\/archives2021-2"]}]},{"@type":"ImageObject","inLanguage":"en-US","@id":"https:\/\/summerinjapan.com\/en\/archives2021-2#primaryimage","url":"https:\/\/summerinjapan.com\/wp-content\/uploads\/2021\/12\/SIJ2021-instructor-list-1.png","contentUrl":"https:\/\/summerinjapan.com\/wp-content\/uploads\/2021\/12\/SIJ2021-instructor-list-1.png","width":1650,"height":1320},{"@type":"BreadcrumbList","@id":"https:\/\/summerinjapan.com\/en\/archives2021-2#breadcrumb","itemListElement":[{"@type":"ListItem","position":1,"name":"\u30db\u30fc\u30e0","item":"https:\/\/summerinjapan.com\/en\/"},{"@type":"ListItem","position":2,"name":"Archives2021-EN"}]},{"@type":"WebSite","@id":"https:\/\/summerinjapan.com\/#website","url":"https:\/\/summerinjapan.com\/","name":"Summer in JAPAN","description":"\u30cf\u30fc\u30d0\u30fc\u30c9\u751f\u3068\u5b66\u3076\u82f1\u8a9e\u30b5\u30de\u30fc\u30b9\u30af\u30fc\u30eb","potentialAction":[{"@type":"SearchAction","target":{"@type":"EntryPoint","urlTemplate":"https:\/\/summerinjapan.com\/?s={search_term_string}"},"query-input":{"@type":"PropertyValueSpecification","valueRequired":true,"valueName":"search_term_string"}}],"inLanguage":"en-US"}]}},"_links":{"self":[{"href":"https:\/\/summerinjapan.com\/wp-json\/wp\/v2\/pages\/21852","targetHints":{"allow":["GET"]}}],"collection":[{"href":"https:\/\/summerinjapan.com\/wp-json\/wp\/v2\/pages"}],"about":[{"href":"https:\/\/summerinjapan.com\/wp-json\/wp\/v2\/types\/page"}],"author":[{"embeddable":true,"href":"https:\/\/summerinjapan.com\/wp-json\/wp\/v2\/users\/6"}],"replies":[{"embeddable":true,"href":"https:\/\/summerinjapan.com\/wp-json\/wp\/v2\/comments?post=21852"}],"version-history":[{"count":10,"href":"https:\/\/summerinjapan.com\/wp-json\/wp\/v2\/pages\/21852\/revisions"}],"predecessor-version":[{"id":27615,"href":"https:\/\/summerinjapan.com\/wp-json\/wp\/v2\/pages\/21852\/revisions\/27615"}],"wp:attachment":[{"href":"https:\/\/summerinjapan.com\/wp-json\/wp\/v2\/media?parent=21852"}],"curies":[{"name":"wp","href":"https:\/\/api.w.org\/{rel}","templated":true}]}}